{"id":406,"date":"2016-09-27T09:51:22","date_gmt":"2016-09-27T09:51:22","guid":{"rendered":"http:\/\/fitness2.mythemecloud.io\/?page_id=406"},"modified":"2024-12-15T17:01:11","modified_gmt":"2024-12-15T16:01:11","slug":"mon-ethique","status":"publish","type":"page","link":"https:\/\/metod-sire.fr\/?page_id=406","title":{"rendered":"Mon Ethique"},"content":{"rendered":"\t\t<div data-elementor-type=\"wp-post\" data-elementor-id=\"406\" class=\"elementor elementor-406\">\n\t\t\t\t\t\t<section class=\"elementor-section elementor-top-section elementor-element elementor-element-ybrx6zd elementor-section-content-middle elementor-section-boxed elementor-section-height-default elementor-section-height-default\" data-id=\"ybrx6zd\" data-element_type=\"section\" data-e-type=\"section\">\n\t\t\t\t\t\t<div class=\"elementor-container elementor-column-gap-default\">\n\t\t\t\t\t<div class=\"elementor-column elementor-col-50 elementor-top-column elementor-element elementor-element-nm7wyr2\" data-id=\"nm7wyr2\" data-element_type=\"column\" data-e-type=\"column\">\n\t\t\t<div class=\"elementor-widget-wrap elementor-element-populated\">\n\t\t\t\t\t\t<div class=\"elementor-element elementor-element-shc2be8 elementor-widget elementor-widget-image\" data-id=\"shc2be8\" data-element_type=\"widget\" data-e-type=\"widget\" data-widget_type=\"image.default\">\n\t\t\t\t<div class=\"elementor-widget-container\">\n\t\t\t\t\t\t\t\t\t\t\t\t\t\t\t<img fetchpriority=\"high\" decoding=\"async\" width=\"1000\" height=\"667\" src=\"https:\/\/metod-sire.fr\/wp-content\/uploads\/2024\/12\/about-me-metod.jpg\" class=\"attachment-full size-full wp-image-1186\" alt=\"\" srcset=\"https:\/\/metod-sire.fr\/wp-content\/uploads\/2024\/12\/about-me-metod.jpg 1000w, https:\/\/metod-sire.fr\/wp-content\/uploads\/2024\/12\/about-me-metod-300x200.jpg 300w, https:\/\/metod-sire.fr\/wp-content\/uploads\/2024\/12\/about-me-metod-768x512.jpg 768w\" sizes=\"(max-width: 1000px) 100vw, 1000px\" \/>\t\t\t\t\t\t\t\t\t\t\t\t\t\t\t<\/div>\n\t\t\t\t<\/div>\n\t\t\t\t\t<\/div>\n\t\t<\/div>\n\t\t\t\t<div class=\"elementor-column elementor-col-50 elementor-top-column elementor-element elementor-element-r7gqrhq\" data-id=\"r7gqrhq\" data-element_type=\"column\" data-e-type=\"column\">\n\t\t\t<div class=\"elementor-widget-wrap elementor-element-populated\">\n\t\t\t\t\t\t<div class=\"elementor-element elementor-element-7c362fc elementor-widget elementor-widget-heading\" data-id=\"7c362fc\" data-element_type=\"widget\" data-e-type=\"widget\" data-widget_type=\"heading.default\">\n\t\t\t\t<div class=\"elementor-widget-container\">\n\t\t\t\t\t<h2 class=\"elementor-heading-title elementor-size-default\">Mon Ethique<\/h2>\t\t\t\t<\/div>\n\t\t\t\t<\/div>\n\t\t\t\t<div class=\"elementor-element elementor-element-b5a5efb elementor-widget-divider--view-line elementor-widget elementor-widget-divider\" data-id=\"b5a5efb\" data-element_type=\"widget\" data-e-type=\"widget\" data-widget_type=\"divider.default\">\n\t\t\t\t<div class=\"elementor-widget-container\">\n\t\t\t\t\t\t\t<div class=\"elementor-divider\">\n\t\t\t<span class=\"elementor-divider-separator\">\n\t\t\t\t\t\t<\/span>\n\t\t<\/div>\n\t\t\t\t\t\t<\/div>\n\t\t\t\t<\/div>\n\t\t\t\t<div class=\"elementor-element elementor-element-x4fpxui elementor-widget elementor-widget-text-editor\" data-id=\"x4fpxui\" data-element_type=\"widget\" data-e-type=\"widget\" data-widget_type=\"text-editor.default\">\n\t\t\t\t<div class=\"elementor-widget-container\">\n\t\t\t\t\t\t\t\t\t<p style=\"text-align: justify;\"><span style=\"vertical-align: inherit;\"><span style=\"vertical-align: inherit;\"><span style=\"vertical-align: inherit;\"><span style=\"vertical-align: inherit;\"><span style=\"vertical-align: inherit;\"><span style=\"vertical-align: inherit;\"><span style=\"vertical-align: inherit;\"><span style=\"vertical-align: inherit;\">\u00ab Je suis une enfant du Berry, pays des sorciers, et issue d&rsquo;une famille de gu\u00e9risseurs berrichons. Dans mes souvenirs d&rsquo;enfance, je revois mon grand-p\u00e8re qui exer\u00e7ait ses talents de rebouteux. Un univers qui m&rsquo;a \u00e9t\u00e9 transmis tr\u00e8s jeune \u00e0 travers ma famille (<\/span><\/span><\/span><\/span><\/span><\/span><\/span><\/span><span style=\"font-family: Lato; font-size: 15px; font-style: normal; font-variant-ligatures: normal; font-variant-caps: normal; font-weight: 400;\">gu\u00e9risseurs ou coupeurs de feu)<\/span><span style=\"font-size: 15px;\">\u00a0et qui m&rsquo;a men\u00e9 dans mon parcours professionnel \u00e0 chercher comment aider mon prochain. J&rsquo;ai toujours ressenti au fond de moi que j&rsquo;avais cette envie, ce petit truc en plus dans les mains qui me permet de soulager les maux.<\/span><\/p><p style=\"text-align: justify;\"><span style=\"vertical-align: inherit;\"><span style=\"vertical-align: inherit;\"><span style=\"vertical-align: inherit;\"><span style=\"vertical-align: inherit;\"><span style=\"vertical-align: inherit;\"><span style=\"vertical-align: inherit;\"><span style=\"vertical-align: inherit;\"><span style=\"vertical-align: inherit;\">Apr\u00e8s 20 ans pass\u00e9s \u00e0 moi anciennement dans les diff\u00e9rentes techniques de massages, j&rsquo;ai ouvert mon propre cabinet avec une envie de combler l&rsquo;absence de soin th\u00e9rapeutique inexistant dans le massage classique.<\/span><\/span><\/span><\/span><\/span><\/span><\/span><\/span><\/p>\t\t\t\t\t\t\t\t<\/div>\n\t\t\t\t<\/div>\n\t\t\t\t\t<\/div>\n\t\t<\/div>\n\t\t\t\t\t<\/div>\n\t\t<\/section>\n\t\t<div class=\"elementor-element elementor-element-4b72c10 e-flex e-con-boxed e-con e-parent\" data-id=\"4b72c10\" data-element_type=\"container\" data-e-type=\"container\">\n\t\t\t\t\t<div class=\"e-con-inner\">\n\t\t\t\t<div class=\"elementor-element elementor-element-22d2609 elementor-widget elementor-widget-text-editor\" data-id=\"22d2609\" data-element_type=\"widget\" data-e-type=\"widget\" data-widget_type=\"text-editor.default\">\n\t\t\t\t<div class=\"elementor-widget-container\">\n\t\t\t\t\t\t\t\t\t<p style=\"text-align: justify;\"><span style=\"vertical-align: inherit;\"><span style=\"vertical-align: inherit;\">Mon envie de soigner et de soulager m&rsquo;am\u00e8ne rapidement \u00e0 d\u00e9velopper ma propre m\u00e9thode issue du massage d\u00e9tente et des techniques plus \u00e9labor\u00e9es, traditionnelles et ancestrales. Cette technique que j&rsquo;ai cr\u00e9\u00e9e s&rsquo;appelle \u00abMETOD\u00bb, elle r\u00e9unit la d\u00e9tente, la stimulation des \u00e9nergies et le drainage, l&rsquo;oxyg\u00e9nation des tissus et la tonification du corps. C&rsquo;est un massage unique, enveloppant et relaxant qui travaille en profondeur.<\/span><\/span><\/p><p style=\"text-align: justify;\"><span style=\"vertical-align: inherit;\"><span style=\"vertical-align: inherit;\">Ici, pas de tours de magie, vous devez savoir ce qui se passe physiologiquement parlant lorsque vous massez. Il faut savoir identifier les diff\u00e9rentes douleurs, leurs causes et leur symptomatologie et avoir connaissance de l&rsquo;impact \u00e9motionnel qu&rsquo;il peut susciter chez votre patient, et savoir comment r\u00e9agir face \u00e0 l&rsquo;\u00e9mergence de la m\u00e9moire corporelle. Il faut \u00e9galement comprendre en quoi cette d\u00e9marche globale va permettre \u00e0 votre patient de l\u00e2cher-prise et de conscientiser son corps.<\/span><\/span><\/p><p style=\"text-align: justify;\"><span style=\"vertical-align: inherit;\"><span style=\"vertical-align: inherit;\">Tout ceci doit \u00eatre votre vocation, votre mission premi\u00e8re. Fournir une pratique \u00e9veill\u00e9e, sensible, de qualit\u00e9 et surtout professionnelle\u2026 \u00bb<\/span><\/span><\/p>\t\t\t\t\t\t\t\t<\/div>\n\t\t\t\t<\/div>\n\t\t\t\t\t<\/div>\n\t\t\t\t<\/div>\n\t\t\t\t<\/div>\n\t\t","protected":false},"excerpt":{"rendered":"<p>Mon Ethique \u00ab Je suis une enfant du Berry, pays des sorciers, et issue d&rsquo;une famille de gu\u00e9risseurs berrichons. Dans mes souvenirs d&rsquo;enfance, je revois mon grand-p\u00e8re qui exer\u00e7ait ses talents de rebouteux. Un univers qui m&rsquo;a \u00e9t\u00e9 transmis tr\u00e8s jeune \u00e0 travers ma famille (gu\u00e9risseurs ou coupeurs de feu)\u00a0et qui m&rsquo;a men\u00e9 dans mon [&hellip;]<\/p>\n","protected":false},"author":1,"featured_media":0,"parent":0,"menu_order":0,"comment_status":"closed","ping_status":"closed","template":"","meta":{"ocean_post_layout":"full-width","ocean_both_sidebars_style":"","ocean_both_sidebars_content_width":0,"ocean_both_sidebars_sidebars_width":0,"ocean_sidebar":"","ocean_second_sidebar":"","ocean_disable_margins":"enable","ocean_add_body_class":"","ocean_shortcode_before_top_bar":"","ocean_shortcode_after_top_bar":"","ocean_shortcode_before_header":"","ocean_shortcode_after_header":"","ocean_has_shortcode":"","ocean_shortcode_after_title":"","ocean_shortcode_before_footer_widgets":"","ocean_shortcode_after_footer_widgets":"","ocean_shortcode_before_footer_bottom":"","ocean_shortcode_after_footer_bottom":"","ocean_display_top_bar":"default","ocean_display_header":"default","ocean_header_style":"","ocean_center_header_left_menu":"","ocean_custom_header_template":"","ocean_custom_logo":0,"ocean_custom_retina_logo":0,"ocean_custom_logo_max_width":0,"ocean_custom_logo_tablet_max_width":0,"ocean_custom_logo_mobile_max_width":0,"ocean_custom_logo_max_height":0,"ocean_custom_logo_tablet_max_height":0,"ocean_custom_logo_mobile_max_height":0,"ocean_header_custom_menu":"","ocean_menu_typo_font_family":"","ocean_menu_typo_font_subset":"","ocean_menu_typo_font_size":0,"ocean_menu_typo_font_size_tablet":0,"ocean_menu_typo_font_size_mobile":0,"ocean_menu_typo_font_size_unit":"px","ocean_menu_typo_font_weight":"","ocean_menu_typo_font_weight_tablet":"","ocean_menu_typo_font_weight_mobile":"","ocean_menu_typo_transform":"","ocean_menu_typo_transform_tablet":"","ocean_menu_typo_transform_mobile":"","ocean_menu_typo_line_height":0,"ocean_menu_typo_line_height_tablet":0,"ocean_menu_typo_line_height_mobile":0,"ocean_menu_typo_line_height_unit":"","ocean_menu_typo_spacing":0,"ocean_menu_typo_spacing_tablet":0,"ocean_menu_typo_spacing_mobile":0,"ocean_menu_typo_spacing_unit":"","ocean_menu_link_color":"","ocean_menu_link_color_hover":"","ocean_menu_link_color_active":"","ocean_menu_link_background":"","ocean_menu_link_hover_background":"","ocean_menu_link_active_background":"","ocean_menu_social_links_bg":"","ocean_menu_social_hover_links_bg":"","ocean_menu_social_links_color":"","ocean_menu_social_hover_links_color":"","ocean_disable_title":"on","ocean_disable_heading":"default","ocean_post_title":"","ocean_post_subheading":"","ocean_post_title_style":"","ocean_post_title_background_color":"","ocean_post_title_background":0,"ocean_post_title_bg_image_position":"","ocean_post_title_bg_image_attachment":"","ocean_post_title_bg_image_repeat":"","ocean_post_title_bg_image_size":"","ocean_post_title_height":0,"ocean_post_title_bg_overlay":0.5,"ocean_post_title_bg_overlay_color":"","ocean_disable_breadcrumbs":"default","ocean_breadcrumbs_color":"","ocean_breadcrumbs_separator_color":"","ocean_breadcrumbs_links_color":"","ocean_breadcrumbs_links_hover_color":"","ocean_display_footer_widgets":"default","ocean_display_footer_bottom":"default","ocean_custom_footer_template":"","footnotes":""},"class_list":["post-406","page","type-page","status-publish","hentry","entry"],"_links":{"self":[{"href":"https:\/\/metod-sire.fr\/index.php?rest_route=\/wp\/v2\/pages\/406","targetHints":{"allow":["GET"]}}],"collection":[{"href":"https:\/\/metod-sire.fr\/index.php?rest_route=\/wp\/v2\/pages"}],"about":[{"href":"https:\/\/metod-sire.fr\/index.php?rest_route=\/wp\/v2\/types\/page"}],"author":[{"embeddable":true,"href":"https:\/\/metod-sire.fr\/index.php?rest_route=\/wp\/v2\/users\/1"}],"replies":[{"embeddable":true,"href":"https:\/\/metod-sire.fr\/index.php?rest_route=%2Fwp%2Fv2%2Fcomments&post=406"}],"version-history":[{"count":7,"href":"https:\/\/metod-sire.fr\/index.php?rest_route=\/wp\/v2\/pages\/406\/revisions"}],"predecessor-version":[{"id":1215,"href":"https:\/\/metod-sire.fr\/index.php?rest_route=\/wp\/v2\/pages\/406\/revisions\/1215"}],"wp:attachment":[{"href":"https:\/\/metod-sire.fr\/index.php?rest_route=%2Fwp%2Fv2%2Fmedia&parent=406"}],"curies":[{"name":"wp","href":"https:\/\/api.w.org\/{rel}","templated":true}]}}